{"id":1660,"date":"2022-05-25T08:40:48","date_gmt":"2022-05-25T13:40:48","guid":{"rendered":"https:\/\/pdgindustries.com\/?page_id=1660"},"modified":"2024-09-05T13:58:40","modified_gmt":"2024-09-05T18:58:40","slug":"electricity","status":"publish","type":"page","link":"https:\/\/pdgindustries.com\/en\/electricity\/","title":{"rendered":"Electricity"},"content":{"rendered":"<p><div class=\"fusion-fullwidth fullwidth-box fusion-builder-row-1 fusion-flex-container nonhundred-percent-fullwidth non-hundred-percent-height-scrolling\" style=\"--awb-border-radius-top-left:0px;--awb-border-radius-top-right:0px;--awb-border-radius-bottom-right:0px;--awb-border-radius-bottom-left:0px;--awb-padding-top:6.40vh;--awb-padding-bottom:3vh;--awb-background-color:#000000;--awb-flex-wrap:wrap;\" ><div class=\"fusion-builder-row fusion-row fusion-flex-align-items-flex-start fusion-flex-content-wrap\" style=\"max-width:1441.44px;margin-left: calc(-4% \/ 2 );margin-right: calc(-4% \/ 2 );\"><div class=\"fusion-layout-column fusion_builder_column fusion-builder-column-0 fusion_builder_column_1_1 1_1 fusion-flex-column\" style=\"--awb-bg-size:cover;--awb-width-large:100%;--awb-margin-top-large:0px;--awb-spacing-right-large:1.92%;--awb-margin-bottom-large:20px;--awb-spacing-left-large:1.92%;--awb-width-medium:100%;--awb-order-medium:0;--awb-spacing-right-medium:1.92%;--awb-spacing-left-medium:1.92%;--awb-width-small:100%;--awb-order-small:0;--awb-spacing-right-small:1.92%;--awb-spacing-left-small:1.92%;\"><div class=\"fusion-column-wrapper fusion-column-has-shadow fusion-flex-justify-content-flex-start fusion-content-layout-column\"><div class=\"fusion-title title fusion-title-1 fusion-no-small-visibility fusion-sep-none fusion-title-center fusion-title-text fusion-title-size-two\" style=\"--awb-text-color:#ffffff;--awb-font-size:55px;\"><h2 class=\"fusion-title-heading title-heading-center\" style=\"margin:0;font-size:1em;\">Electricity<\/h2><\/div><div class=\"fusion-title title fusion-title-2 fusion-no-medium-visibility fusion-no-large-visibility fusion-sep-none fusion-title-center fusion-title-text fusion-title-size-two\" style=\"--awb-text-color:#ffffff;--awb-font-size:5.86vh;\"><h2 class=\"fusion-title-heading title-heading-center\" style=\"margin:0;font-size:1em;\">Electricity<\/h2><\/div><\/div><\/div><\/div><\/div><div class=\"fusion-fullwidth fullwidth-box fusion-builder-row-2 fusion-flex-container fusion-parallax-none containertoggle nonhundred-percent-fullwidth non-hundred-percent-height-scrolling\" style=\"--awb-background-position:right bottom;--awb-border-radius-top-left:0px;--awb-border-radius-top-right:0px;--awb-border-radius-bottom-right:0px;--awb-border-radius-bottom-left:0px;--awb-padding-bottom:75px;--awb-margin-bottom:-200px;--awb-margin-top-small:25px;--awb-background-color:#ffffff;--awb-background-image:url(&quot;https:\/\/pdgindustries.com\/wp-content\/uploads\/2024\/09\/fond-header-1-copy.webp&quot;);--awb-background-size:cover;--awb-flex-wrap:wrap;\" ><div class=\"fusion-builder-row fusion-row fusion-flex-align-items-flex-start fusion-flex-content-wrap\" style=\"max-width:1441.44px;margin-left: calc(-4% \/ 2 );margin-right: calc(-4% \/ 2 );\"><div class=\"fusion-layout-column fusion_builder_column fusion-builder-column-1 fusion_builder_column_2_5 2_5 fusion-flex-column\" style=\"--awb-overflow:hidden;--awb-bg-size:cover;--awb-border-radius:0px 0px 10px 10px;--awb-width-large:40%;--awb-margin-top-large:0px;--awb-spacing-right-large:4.8%;--awb-margin-bottom-large:20px;--awb-spacing-left-large:150px;--awb-width-medium:40%;--awb-order-medium:0;--awb-spacing-right-medium:4.8%;--awb-spacing-left-medium:150px;--awb-width-small:100%;--awb-order-small:2;--awb-spacing-right-small:1.92%;--awb-spacing-left-small:1.92%;\"><div class=\"fusion-column-wrapper fusion-column-has-shadow fusion-flex-justify-content-flex-start fusion-content-layout-column\"><div class=\"fusion-image-element \" style=\"--awb-caption-title-font-family:var(--h2_typography-font-family);--awb-caption-title-font-weight:var(--h2_typography-font-weight);--awb-caption-title-font-style:var(--h2_typography-font-style);--awb-caption-title-size:var(--h2_typography-font-size);--awb-caption-title-transform:var(--h2_typography-text-transform);--awb-caption-title-line-height:var(--h2_typography-line-height);--awb-caption-title-letter-spacing:var(--h2_typography-letter-spacing);\"><span class=\" fusion-imageframe imageframe-none imageframe-1 hover-type-none\"><img decoding=\"async\" width=\"550\" height=\"825\" title=\"electricite-industrielle-commerciale-residentiel-pdg\" src=\"https:\/\/pdgindustries.com\/wp-content\/uploads\/2022\/05\/electricite-industrielle-commerciale-residentiel-pdg.jpg\" alt class=\"img-responsive wp-image-1474\" srcset=\"https:\/\/pdgindustries.com\/wp-content\/uploads\/2022\/05\/electricite-industrielle-commerciale-residentiel-pdg-200x300.jpg 200w, https:\/\/pdgindustries.com\/wp-content\/uploads\/2022\/05\/electricite-industrielle-commerciale-residentiel-pdg-400x600.jpg 400w, https:\/\/pdgindustries.com\/wp-content\/uploads\/2022\/05\/electricite-industrielle-commerciale-residentiel-pdg.jpg 550w\" sizes=\"(max-width: 640px) 100vw, 550px\" \/><\/span><\/div><\/div><\/div><div class=\"fusion-layout-column fusion_builder_column fusion-builder-column-2 fusion_builder_column_3_5 3_5 fusion-flex-column\" style=\"--awb-padding-top:5.86vh;--awb-padding-right:4vw;--awb-padding-bottom:7.55vh;--awb-padding-left:4vw;--awb-overflow:hidden;--awb-bg-color:#d7dbdd;--awb-bg-color-hover:#d7dbdd;--awb-bg-size:cover;--awb-border-radius:0px 0px 10px 10px;--awb-width-large:60%;--awb-margin-top-large:0px;--awb-spacing-right-large:150px;--awb-margin-bottom-large:20px;--awb-spacing-left-large:3.2%;--awb-width-medium:60%;--awb-order-medium:0;--awb-spacing-right-medium:150px;--awb-spacing-left-medium:3.2%;--awb-width-small:100%;--awb-order-small:1;--awb-spacing-right-small:1.92%;--awb-spacing-left-small:1.92%;\"><div class=\"fusion-column-wrapper fusion-column-has-shadow fusion-flex-justify-content-flex-start fusion-content-layout-column\"><div class=\"fusion-text fusion-text-1\" style=\"--awb-font-size:1.92vh;--awb-margin-top:1.92vh;--awb-text-font-family:&quot;Manrope&quot;;--awb-text-font-style:normal;--awb-text-font-weight:700;\"><p>With the realization of several electrical projects, small and large in Abitibi, PDG Industries Inc. has developed a varied experience that can offer a service of competent and versatile electricians in the following sectors: residential, commercial\/institutional and industrial.<\/p>\n<p>Customer satisfaction is very important to us. When we make a quote, it is with the requested products and we are able to foresee the work that will be done, thus avoiding surprises during the execution.<\/p>\n<\/div><div class=\"accordian fusion-accordian\" style=\"--awb-border-size:0px;--awb-icon-size:20px;--awb-content-font-size:1.92vh;--awb-icon-alignment:left;--awb-hover-color:#ffffff;--awb-border-color:var(--awb-color3);--awb-background-color:var(--awb-color1);--awb-divider-color:var(--awb-color3);--awb-divider-hover-color:var(--awb-color3);--awb-icon-color:var(--awb-color1);--awb-title-color:var(--awb-color8);--awb-content-color:var(--awb-color8);--awb-icon-box-color:var(--awb-color2);--awb-toggle-hover-accent-color:var(--awb-color3);--awb-title-font-family:var(--awb-typography1-font-family);--awb-title-font-weight:var(--awb-typography1-font-weight);--awb-title-font-style:var(--awb-typography1-font-style);--awb-title-font-size:20px;--awb-content-font-family:&quot;Manrope&quot;;--awb-content-font-style:normal;--awb-content-font-weight:400;\"><div class=\"panel-group fusion-toggle-icon-boxed\" id=\"accordion-1660-1\"><div class=\"fusion-panel panel-default panel-58011ea8159053a79 fusion-toggle-no-divider fusion-toggle-boxed-mode\" style=\"--awb-content-font-family:&quot;Manrope&quot;;--awb-content-font-style:normal;--awb-content-font-weight:400;--awb-title-text-transform:uppercase;--awb-title-color:var(--awb-color8);--awb-content-color:var(--awb-color8);\"><div class=\"panel-heading\"><h4 class=\"panel-title toggle\" id=\"toggle_58011ea8159053a79\"><a class=\"active\" aria-expanded=\"true\" aria-controls=\"58011ea8159053a79\" role=\"button\" data-toggle=\"collapse\" data-parent=\"#accordion-1660-1\" data-target=\"#58011ea8159053a79\" href=\"#58011ea8159053a79\"><span class=\"fusion-toggle-icon-wrapper\" aria-hidden=\"true\"><i class=\"fa-fusion-box active-icon awb-icon-minus\" aria-hidden=\"true\"><\/i><i class=\"fa-fusion-box inactive-icon awb-icon-plus\" aria-hidden=\"true\"><\/i><\/span><span class=\"fusion-toggle-heading\">Residential Electricity<\/span><\/a><\/h4><\/div><div id=\"58011ea8159053a79\" class=\"panel-collapse collapse in\" aria-labelledby=\"toggle_58011ea8159053a79\"><div class=\"panel-body toggle-content fusion-clearfix\">\n<ul>\n<li>Turnkey<\/li>\n<li>Renovation<\/li>\n<li>Smart home (home automation)<\/li>\n<li>Floor heating (sub-slab and surface)<\/li>\n<\/ul>\n<\/div><\/div><\/div><div class=\"fusion-panel panel-default panel-bbd184a499f5aef39 fusion-toggle-no-divider fusion-toggle-boxed-mode\" style=\"--awb-content-font-family:&quot;Manrope&quot;;--awb-content-font-style:normal;--awb-content-font-weight:400;--awb-title-text-transform:uppercase;--awb-title-color:var(--awb-color8);--awb-content-color:var(--awb-color8);\"><div class=\"panel-heading\"><h4 class=\"panel-title toggle\" id=\"toggle_bbd184a499f5aef39\"><a aria-expanded=\"false\" aria-controls=\"bbd184a499f5aef39\" role=\"button\" data-toggle=\"collapse\" data-parent=\"#accordion-1660-1\" data-target=\"#bbd184a499f5aef39\" href=\"#bbd184a499f5aef39\"><span class=\"fusion-toggle-icon-wrapper\" aria-hidden=\"true\"><i class=\"fa-fusion-box active-icon awb-icon-minus\" aria-hidden=\"true\"><\/i><i class=\"fa-fusion-box inactive-icon awb-icon-plus\" aria-hidden=\"true\"><\/i><\/span><span class=\"fusion-toggle-heading\">Commercial\/Institutional Electricity<\/span><\/a><\/h4><\/div><div id=\"bbd184a499f5aef39\" class=\"panel-collapse collapse \" aria-labelledby=\"toggle_bbd184a499f5aef39\"><div class=\"panel-body toggle-content fusion-clearfix\">\n<ul>\n<li>Turnkey<\/li>\n<li>Renovation<\/li>\n<li>Service calls<\/li>\n<li>Networking<\/li>\n<\/ul>\n<\/div><\/div><\/div><div class=\"fusion-panel panel-default panel-f4f0f747047905565 fusion-toggle-no-divider fusion-toggle-boxed-mode\" style=\"--awb-content-font-family:&quot;Manrope&quot;;--awb-content-font-style:normal;--awb-content-font-weight:400;--awb-title-text-transform:uppercase;--awb-title-color:var(--awb-color8);--awb-content-color:var(--awb-color8);\"><div class=\"panel-heading\"><h4 class=\"panel-title toggle\" id=\"toggle_f4f0f747047905565\"><a aria-expanded=\"false\" aria-controls=\"f4f0f747047905565\" role=\"button\" data-toggle=\"collapse\" data-parent=\"#accordion-1660-1\" data-target=\"#f4f0f747047905565\" href=\"#f4f0f747047905565\"><span class=\"fusion-toggle-icon-wrapper\" aria-hidden=\"true\"><i class=\"fa-fusion-box active-icon awb-icon-minus\" aria-hidden=\"true\"><\/i><i class=\"fa-fusion-box inactive-icon awb-icon-plus\" aria-hidden=\"true\"><\/i><\/span><span class=\"fusion-toggle-heading\">Industrial Electricity<\/span><\/a><\/h4><\/div><div id=\"f4f0f747047905565\" class=\"panel-collapse collapse \" aria-labelledby=\"toggle_f4f0f747047905565\"><div class=\"panel-body toggle-content fusion-clearfix\">\n<ul>\n<li>Service call<\/li>\n<li>Maintenance<\/li>\n<li>Complete electrical distribution<\/li>\n<li>Surface and underground work<\/li>\n<li>Variable speed \u201cdrive\u201d motor programming<\/li>\n<li>Special projects<\/li>\n<\/ul>\n<\/div><\/div><\/div><\/div><\/div><div class=\"fusion-text fusion-text-2\" style=\"--awb-font-size:1.92vh;--awb-margin-top:1.92vh;--awb-text-font-family:&quot;Manrope&quot;;--awb-text-font-style:normal;--awb-text-font-weight:700;\"><p>When you call on PDG Industries for your electrical work, you are assured of a fast and courteous service. It is the respect of our commitments, whether it is for the execution of a contract, an appointment or the issuance of a quote.<\/p>\n<p>PDG Industries Inc. is a member of the CMEQ | Corporation des Ma\u00eetres \u00c9lectriciens du Qu\u00e9bec.<\/p>\n<\/div><\/div><\/div><\/div><\/div><div class=\"fusion-fullwidth fullwidth-box fusion-builder-row-3 fusion-flex-container fusion-parallax-none nonhundred-percent-fullwidth non-hundred-percent-height-scrolling fusion-no-small-visibility fusion-no-medium-visibility\" style=\"--awb-background-position:right bottom;--awb-border-radius-top-left:0px;--awb-border-radius-top-right:0px;--awb-border-radius-bottom-right:0px;--awb-border-radius-bottom-left:0px;--awb-padding-top:75px;--awb-padding-bottom:0px;--awb-padding-left:26px;--awb-margin-top:25px;--awb-background-image:url(&quot;https:\/\/pdgindustries.com\/wp-content\/uploads\/2024\/09\/bg-blanc-noir-forme-mecanique-soudure-3-copy.webp&quot;);--awb-background-size:cover;--awb-flex-wrap:wrap;\" ><div class=\"fusion-builder-row fusion-row fusion-flex-align-items-flex-start fusion-flex-justify-content-center fusion-flex-content-wrap\" style=\"max-width:1441.44px;margin-left: calc(-4% \/ 2 );margin-right: calc(-4% \/ 2 );\"><div class=\"fusion-layout-column fusion_builder_column fusion-builder-column-3 fusion_builder_column_3_4 3_4 fusion-flex-column\" style=\"--awb-padding-right:25px;--awb-padding-bottom:200px;--awb-padding-left:25px;--awb-bg-size:cover;--awb-width-large:75%;--awb-margin-top-large:0px;--awb-spacing-right-large:2.56%;--awb-margin-bottom-large:20px;--awb-spacing-left-large:2.56%;--awb-width-medium:75%;--awb-order-medium:0;--awb-spacing-right-medium:2.56%;--awb-spacing-left-medium:2.56%;--awb-width-small:100%;--awb-order-small:0;--awb-spacing-right-small:1.92%;--awb-spacing-left-small:1.92%;\"><div class=\"fusion-column-wrapper fusion-column-has-shadow fusion-flex-justify-content-flex-start fusion-content-layout-column\"><div class=\"fusion-separator\" style=\"align-self: flex-start;margin-right:auto;margin-top:250px;margin-bottom:40px;width:100%;max-width:115px;\"><div class=\"fusion-separator-border sep-single sep-solid\" style=\"--awb-height:20px;--awb-amount:20px;--awb-sep-color:#ffffff;border-color:#ffffff;border-top-width:2px;\"><\/div><\/div><div class=\"fusion-text fusion-text-3\" style=\"--awb-font-size:28px;--awb-line-height:50px;--awb-text-color:#ffffff;\"><p>PDG M\u00e9canique-soudure offers a range of professional services in metal fabrication and assembly, mechanical installation and piping, high pressure welding, electricity, plumbing and heating, as well as labour rental and hoisting equipment.<\/p>\n<\/div><\/div><\/div><\/div><\/div><div class=\"fusion-fullwidth fullwidth-box fusion-builder-row-4 fusion-flex-container fusion-parallax-none nonhundred-percent-fullwidth non-hundred-percent-height-scrolling fusion-no-medium-visibility fusion-no-large-visibility\" style=\"--awb-border-sizes-top:10px;--awb-border-color:var(--awb-color2);--awb-border-radius-top-left:0px;--awb-border-radius-top-right:0px;--awb-border-radius-bottom-right:0px;--awb-border-radius-bottom-left:0px;--awb-padding-top:75px;--awb-padding-bottom:0px;--awb-padding-left:26px;--awb-background-image:url(&quot;https:\/\/pdgindustries.com\/wp-content\/uploads\/2022\/05\/bg-blanc-noir-forme-mecanique-soudure.webp&quot;);--awb-background-size:cover;--awb-flex-wrap:wrap;\" ><div class=\"fusion-builder-row fusion-row fusion-flex-align-items-flex-start fusion-flex-justify-content-center fusion-flex-content-wrap\" style=\"max-width:1441.44px;margin-left: calc(-4% \/ 2 );margin-right: calc(-4% \/ 2 );\"><div class=\"fusion-layout-column fusion_builder_column fusion-builder-column-4 fusion_builder_column_3_4 3_4 fusion-flex-column\" style=\"--awb-padding-bottom:200px;--awb-padding-bottom-small:130px;--awb-bg-size:cover;--awb-width-large:75%;--awb-margin-top-large:0px;--awb-spacing-right-large:2.56%;--awb-margin-bottom-large:20px;--awb-spacing-left-large:2.56%;--awb-width-medium:75%;--awb-order-medium:0;--awb-spacing-right-medium:2.56%;--awb-spacing-left-medium:2.56%;--awb-width-small:100%;--awb-order-small:0;--awb-spacing-right-small:1.92%;--awb-spacing-left-small:1.92%;\"><div class=\"fusion-column-wrapper fusion-column-has-shadow fusion-flex-justify-content-flex-start fusion-content-layout-column\"><div class=\"fusion-separator\" style=\"align-self: flex-start;margin-right:auto;margin-top:100px;margin-bottom:40px;width:100%;max-width:115px;\"><div class=\"fusion-separator-border sep-single sep-solid\" style=\"--awb-height:20px;--awb-amount:20px;--awb-sep-color:#ffffff;border-color:#ffffff;border-top-width:2px;\"><\/div><\/div><div class=\"fusion-text fusion-text-4\" style=\"--awb-font-size:2.98vh;--awb-line-height:5vh;--awb-text-color:#ffffff;\"><p>PDG M\u00e9canique-soudure offers a range of professional services in metal fabrication and assembly, mechanical installation and piping, high pressure welding, electricity, plumbing and heating, as well as labour rental and hoisting equipment.<\/p>\n<\/div><\/div><\/div><\/div><\/div><\/p>\n","protected":false},"excerpt":{"rendered":"","protected":false},"author":1,"featured_media":0,"parent":0,"menu_order":0,"comment_status":"closed","ping_status":"closed","template":"100-width.php","meta":{"footnotes":""},"class_list":["post-1660","page","type-page","status-publish","hentry"],"yoast_head":"<!-- This site is optimized with the Yoast SEO plugin v26.4 - https:\/\/yoast.com\/wordpress\/plugins\/seo\/ -->\n<title>Electricity - PDG Industries<\/title>\n<meta name=\"robots\" content=\"index, follow, max-snippet:-1, max-image-preview:large, max-video-preview:-1\" \/>\n<link rel=\"canonical\" href=\"https:\/\/pdgindustries.com\/en\/electricity\/\" \/>\n<meta property=\"og:locale\" content=\"en_US\" \/>\n<meta property=\"og:type\" content=\"article\" \/>\n<meta property=\"og:title\" content=\"Electricity - PDG Industries\" \/>\n<meta property=\"og:url\" content=\"https:\/\/pdgindustries.com\/en\/electricity\/\" \/>\n<meta property=\"og:site_name\" content=\"PDG Industries\" \/>\n<meta property=\"article:publisher\" content=\"https:\/\/www.facebook.com\/PDGMecaniquesoudurePDGIndustries\" \/>\n<meta property=\"article:modified_time\" content=\"2024-09-05T18:58:40+00:00\" \/>\n<meta property=\"og:image\" content=\"https:\/\/pdgindustries.com\/wp-content\/uploads\/2022\/05\/soudure-pression-haute-pdg-industries.jpg\" \/>\n\t<meta property=\"og:image:width\" content=\"530\" \/>\n\t<meta property=\"og:image:height\" content=\"565\" \/>\n\t<meta property=\"og:image:type\" content=\"image\/jpeg\" \/>\n<meta name=\"twitter:card\" content=\"summary_large_image\" \/>\n<meta name=\"twitter:label1\" content=\"Est. reading time\" \/>\n\t<meta name=\"twitter:data1\" content=\"7 minutes\" \/>\n<script type=\"application\/ld+json\" class=\"yoast-schema-graph\">{\"@context\":\"https:\/\/schema.org\",\"@graph\":[{\"@type\":\"WebPage\",\"@id\":\"https:\/\/pdgindustries.com\/en\/electricity\/\",\"url\":\"https:\/\/pdgindustries.com\/en\/electricity\/\",\"name\":\"Electricity - PDG Industries\",\"isPartOf\":{\"@id\":\"https:\/\/pdgindustries.com\/en\/#website\"},\"datePublished\":\"2022-05-25T13:40:48+00:00\",\"dateModified\":\"2024-09-05T18:58:40+00:00\",\"breadcrumb\":{\"@id\":\"https:\/\/pdgindustries.com\/en\/electricity\/#breadcrumb\"},\"inLanguage\":\"en-US\",\"potentialAction\":[{\"@type\":\"ReadAction\",\"target\":[\"https:\/\/pdgindustries.com\/en\/electricity\/\"]}]},{\"@type\":\"BreadcrumbList\",\"@id\":\"https:\/\/pdgindustries.com\/en\/electricity\/#breadcrumb\",\"itemListElement\":[{\"@type\":\"ListItem\",\"position\":1,\"name\":\"Accueil\",\"item\":\"https:\/\/pdgindustries.com\/en\/\"},{\"@type\":\"ListItem\",\"position\":2,\"name\":\"Electricity\"}]},{\"@type\":\"WebSite\",\"@id\":\"https:\/\/pdgindustries.com\/en\/#website\",\"url\":\"https:\/\/pdgindustries.com\/en\/\",\"name\":\"PDG Industries\",\"description\":\"PDG Industries\",\"publisher\":{\"@id\":\"https:\/\/pdgindustries.com\/en\/#organization\"},\"potentialAction\":[{\"@type\":\"SearchAction\",\"target\":{\"@type\":\"EntryPoint\",\"urlTemplate\":\"https:\/\/pdgindustries.com\/en\/?s={search_term_string}\"},\"query-input\":{\"@type\":\"PropertyValueSpecification\",\"valueRequired\":true,\"valueName\":\"search_term_string\"}}],\"inLanguage\":\"en-US\"},{\"@type\":\"Organization\",\"@id\":\"https:\/\/pdgindustries.com\/en\/#organization\",\"name\":\"PDG Industries\",\"url\":\"https:\/\/pdgindustries.com\/en\/\",\"logo\":{\"@type\":\"ImageObject\",\"inLanguage\":\"en-US\",\"@id\":\"https:\/\/pdgindustries.com\/en\/#\/schema\/logo\/image\/\",\"url\":\"https:\/\/pdgindustries.com\/wp-content\/uploads\/2022\/05\/Logo-pdg-industries-mecanique-soudure.png\",\"contentUrl\":\"https:\/\/pdgindustries.com\/wp-content\/uploads\/2022\/05\/Logo-pdg-industries-mecanique-soudure.png\",\"width\":192,\"height\":177,\"caption\":\"PDG Industries\"},\"image\":{\"@id\":\"https:\/\/pdgindustries.com\/en\/#\/schema\/logo\/image\/\"},\"sameAs\":[\"https:\/\/www.facebook.com\/PDGMecaniquesoudurePDGIndustries\"]}]}<\/script>\n<!-- \/ Yoast SEO plugin. -->","yoast_head_json":{"title":"Electricity - PDG Industries","robots":{"index":"index","follow":"follow","max-snippet":"max-snippet:-1","max-image-preview":"max-image-preview:large","max-video-preview":"max-video-preview:-1"},"canonical":"https:\/\/pdgindustries.com\/en\/electricity\/","og_locale":"en_US","og_type":"article","og_title":"Electricity - PDG Industries","og_url":"https:\/\/pdgindustries.com\/en\/electricity\/","og_site_name":"PDG Industries","article_publisher":"https:\/\/www.facebook.com\/PDGMecaniquesoudurePDGIndustries","article_modified_time":"2024-09-05T18:58:40+00:00","og_image":[{"width":530,"height":565,"url":"https:\/\/pdgindustries.com\/wp-content\/uploads\/2022\/05\/soudure-pression-haute-pdg-industries.jpg","type":"image\/jpeg"}],"twitter_card":"summary_large_image","twitter_misc":{"Est. reading time":"7 minutes"},"schema":{"@context":"https:\/\/schema.org","@graph":[{"@type":"WebPage","@id":"https:\/\/pdgindustries.com\/en\/electricity\/","url":"https:\/\/pdgindustries.com\/en\/electricity\/","name":"Electricity - PDG Industries","isPartOf":{"@id":"https:\/\/pdgindustries.com\/en\/#website"},"datePublished":"2022-05-25T13:40:48+00:00","dateModified":"2024-09-05T18:58:40+00:00","breadcrumb":{"@id":"https:\/\/pdgindustries.com\/en\/electricity\/#breadcrumb"},"inLanguage":"en-US","potentialAction":[{"@type":"ReadAction","target":["https:\/\/pdgindustries.com\/en\/electricity\/"]}]},{"@type":"BreadcrumbList","@id":"https:\/\/pdgindustries.com\/en\/electricity\/#breadcrumb","itemListElement":[{"@type":"ListItem","position":1,"name":"Accueil","item":"https:\/\/pdgindustries.com\/en\/"},{"@type":"ListItem","position":2,"name":"Electricity"}]},{"@type":"WebSite","@id":"https:\/\/pdgindustries.com\/en\/#website","url":"https:\/\/pdgindustries.com\/en\/","name":"PDG Industries","description":"PDG Industries","publisher":{"@id":"https:\/\/pdgindustries.com\/en\/#organization"},"potentialAction":[{"@type":"SearchAction","target":{"@type":"EntryPoint","urlTemplate":"https:\/\/pdgindustries.com\/en\/?s={search_term_string}"},"query-input":{"@type":"PropertyValueSpecification","valueRequired":true,"valueName":"search_term_string"}}],"inLanguage":"en-US"},{"@type":"Organization","@id":"https:\/\/pdgindustries.com\/en\/#organization","name":"PDG Industries","url":"https:\/\/pdgindustries.com\/en\/","logo":{"@type":"ImageObject","inLanguage":"en-US","@id":"https:\/\/pdgindustries.com\/en\/#\/schema\/logo\/image\/","url":"https:\/\/pdgindustries.com\/wp-content\/uploads\/2022\/05\/Logo-pdg-industries-mecanique-soudure.png","contentUrl":"https:\/\/pdgindustries.com\/wp-content\/uploads\/2022\/05\/Logo-pdg-industries-mecanique-soudure.png","width":192,"height":177,"caption":"PDG Industries"},"image":{"@id":"https:\/\/pdgindustries.com\/en\/#\/schema\/logo\/image\/"},"sameAs":["https:\/\/www.facebook.com\/PDGMecaniquesoudurePDGIndustries"]}]}},"_links":{"self":[{"href":"https:\/\/pdgindustries.com\/en\/wp-json\/wp\/v2\/pages\/1660","targetHints":{"allow":["GET"]}}],"collection":[{"href":"https:\/\/pdgindustries.com\/en\/wp-json\/wp\/v2\/pages"}],"about":[{"href":"https:\/\/pdgindustries.com\/en\/wp-json\/wp\/v2\/types\/page"}],"author":[{"embeddable":true,"href":"https:\/\/pdgindustries.com\/en\/wp-json\/wp\/v2\/users\/1"}],"replies":[{"embeddable":true,"href":"https:\/\/pdgindustries.com\/en\/wp-json\/wp\/v2\/comments?post=1660"}],"version-history":[{"count":1,"href":"https:\/\/pdgindustries.com\/en\/wp-json\/wp\/v2\/pages\/1660\/revisions"}],"predecessor-version":[{"id":2884,"href":"https:\/\/pdgindustries.com\/en\/wp-json\/wp\/v2\/pages\/1660\/revisions\/2884"}],"wp:attachment":[{"href":"https:\/\/pdgindustries.com\/en\/wp-json\/wp\/v2\/media?parent=1660"}],"curies":[{"name":"wp","href":"https:\/\/api.w.org\/{rel}","templated":true}]}}